{"id":11044,"date":"2023-06-14T11:01:16","date_gmt":"2023-06-14T08:01:16","guid":{"rendered":"https:\/\/www.pubi11.ee\/?post_type=product&#038;p=11044"},"modified":"2025-05-23T08:56:04","modified_gmt":"2025-05-23T05:56:04","slug":"suitsuses-viskimarinaadis-grillitud-seasisefilee","status":"publish","type":"product","link":"https:\/\/www.pubi11.ee\/en\/product\/suitsuses-viskimarinaadis-grillitud-seasisefilee\/","title":{"rendered":"Suitsuses viskimarinaadis grillitud seasisefilee"},"content":{"rendered":"<p>Viskimarinaadis seasisefilee, hooajaliste k\u00f6\u00f6giviljade salat, t\u0161illimajo, lisand valikust.<\/p>","protected":false},"excerpt":{"rendered":"<p>Viskimarinaadis seasisefilee, hooajaliste k\u00f6\u00f6giviljade salat, t\u0161illimajo, lisand valikust.<\/p>","protected":false},"featured_media":11045,"comment_status":"closed","ping_status":"closed","template":"","meta":[],"product_cat":[27],"product_tag":[],"_links":{"self":[{"href":"https:\/\/www.pubi11.ee\/en\/wp-json\/wp\/v2\/product\/11044"}],"collection":[{"href":"https:\/\/www.pubi11.ee\/en\/wp-json\/wp\/v2\/product"}],"about":[{"href":"https:\/\/www.pubi11.ee\/en\/wp-json\/wp\/v2\/types\/product"}],"replies":[{"embeddable":true,"href":"https:\/\/www.pubi11.ee\/en\/wp-json\/wp\/v2\/comments?post=11044"}],"wp:featuredmedia":[{"embeddable":true,"href":"https:\/\/www.pubi11.ee\/en\/wp-json\/wp\/v2\/media\/11045"}],"wp:attachment":[{"href":"https:\/\/www.pubi11.ee\/en\/wp-json\/wp\/v2\/media?parent=11044"}],"wp:term":[{"taxonomy":"product_cat","embeddable":true,"href":"https:\/\/www.pubi11.ee\/en\/wp-json\/wp\/v2\/product_cat?post=11044"},{"taxonomy":"product_tag","embeddable":true,"href":"https:\/\/www.pubi11.ee\/en\/wp-json\/wp\/v2\/product_tag?post=11044"}],"curies":[{"name":"wp","href":"https:\/\/api.w.org\/{rel}","templated":true}]}}