{"id":13241,"date":"2024-06-24T10:42:14","date_gmt":"2024-06-24T07:42:14","guid":{"rendered":"https:\/\/www.pubi11.ee\/?post_type=product&#038;p=13241"},"modified":"2025-05-23T08:55:36","modified_gmt":"2025-05-23T05:55:36","slug":"siga-siidris","status":"publish","type":"product","link":"https:\/\/www.pubi11.ee\/et\/product\/siga-siidris\/","title":{"rendered":"Siga siidris"},"content":{"rendered":"<p>Siidris siga, siidrimarinaadis pikalt k\u00fcpsenud seak\u00fclg, hooajaline k\u00f6\u00f6givili ja siidri- sinepi kaste, lisand valikust<\/p>\n","protected":false},"excerpt":{"rendered":"<p>Siidris siga, siidrimarinaadis pikalt k\u00fcpsenud seak\u00fclg, hooajaline k\u00f6\u00f6givili ja siidri- sinepi kaste, lisand valikust<\/p>\n","protected":false},"featured_media":13242,"comment_status":"closed","ping_status":"closed","template":"","meta":[],"product_cat":[27],"product_tag":[],"_links":{"self":[{"href":"https:\/\/www.pubi11.ee\/et\/wp-json\/wp\/v2\/product\/13241"}],"collection":[{"href":"https:\/\/www.pubi11.ee\/et\/wp-json\/wp\/v2\/product"}],"about":[{"href":"https:\/\/www.pubi11.ee\/et\/wp-json\/wp\/v2\/types\/product"}],"replies":[{"embeddable":true,"href":"https:\/\/www.pubi11.ee\/et\/wp-json\/wp\/v2\/comments?post=13241"}],"wp:featuredmedia":[{"embeddable":true,"href":"https:\/\/www.pubi11.ee\/et\/wp-json\/wp\/v2\/media\/13242"}],"wp:attachment":[{"href":"https:\/\/www.pubi11.ee\/et\/wp-json\/wp\/v2\/media?parent=13241"}],"wp:term":[{"taxonomy":"product_cat","embeddable":true,"href":"https:\/\/www.pubi11.ee\/et\/wp-json\/wp\/v2\/product_cat?post=13241"},{"taxonomy":"product_tag","embeddable":true,"href":"https:\/\/www.pubi11.ee\/et\/wp-json\/wp\/v2\/product_tag?post=13241"}],"curies":[{"name":"wp","href":"https:\/\/api.w.org\/{rel}","templated":true}]}}